{"id":179,"date":"2026-05-07T17:01:46","date_gmt":"2026-05-07T17:01:46","guid":{"rendered":"http:\/\/arturokimabil"},"modified":"2026-05-07T22:36:49","modified_gmt":"2026-05-07T22:36:49","slug":"cccam-1-month-2","status":"publish","type":"product","link":"https:\/\/kingreshare.co\/cs\/product\/cccam-1-month-2\/","title":{"rendered":"CCcam 1 Month"},"content":{"rendered":"<ul class=\"krs-product-feature-list\">\n<li>7 CCcam lines<\/li>\n<li>Full package SD\/HD<\/li>\n<li>For decoder<\/li>\n<li>Support included<\/li>\n<\/ul>","protected":false},"excerpt":{"rendered":"<p>Premium CCcam 1 Month package. Customer account required before purchase.<\/p>","protected":false},"featured_media":0,"comment_status":"open","ping_status":"closed","template":"","meta":{"nf_dc_page":""},"product_brand":[],"product_cat":[25],"product_tag":[],"class_list":{"0":"post-179","1":"product","2":"type-product","3":"status-publish","5":"product_cat-subscription-cccam-mgcamd","7":"first","8":"instock","9":"shipping-taxable","10":"product-type-external"},"yoast_head":"<!-- This site is optimized with the Yoast SEO Premium plugin v27.4 (Yoast SEO v27.4) - https:\/\/yoast.com\/product\/yoast-seo-premium-wordpress\/ -->\n<title>CCcam 1 Month - kingreshare.co<\/title>\n<meta name=\"robots\" content=\"index, follow, max-snippet:-1, max-image-preview:large, max-video-preview:-1\" \/>\n<link rel=\"canonical\" href=\"https:\/\/kingreshare.co\/cs\/product\/cccam-1-month-2\/\" \/>\n<meta property=\"og:locale\" content=\"cs_CZ\" \/>\n<meta property=\"og:type\" content=\"article\" \/>\n<meta property=\"og:title\" content=\"CCcam 1 Month\" \/>\n<meta property=\"og:description\" content=\"Premium CCcam 1 Month package. Customer account required before purchase.\" \/>\n<meta property=\"og:url\" content=\"https:\/\/kingreshare.co\/cs\/product\/cccam-1-month-2\/\" \/>\n<meta property=\"og:site_name\" content=\"kingreshare.co\" \/>\n<meta property=\"article:modified_time\" content=\"2026-05-07T22:36:49+00:00\" \/>\n<meta name=\"twitter:card\" content=\"summary_large_image\" \/>\n<meta name=\"twitter:label1\" content=\"Odhadovan\u00e1 doba \u010dten\u00ed\" \/>\n\t<meta name=\"twitter:data1\" content=\"1 minuta\" \/>\n<script type=\"application\/ld+json\" class=\"yoast-schema-graph\">{\"@context\":\"https:\\\/\\\/schema.org\",\"@graph\":[{\"@type\":\"WebPage\",\"@id\":\"https:\\\/\\\/kingreshare.co\\\/product\\\/cccam-1-month-2\\\/\",\"url\":\"https:\\\/\\\/kingreshare.co\\\/product\\\/cccam-1-month-2\\\/\",\"name\":\"CCcam 1 Month - kingreshare.co\",\"isPartOf\":{\"@id\":\"https:\\\/\\\/kingreshare.co\\\/#website\"},\"datePublished\":\"2026-05-07T17:01:46+00:00\",\"dateModified\":\"2026-05-07T22:36:49+00:00\",\"breadcrumb\":{\"@id\":\"https:\\\/\\\/kingreshare.co\\\/product\\\/cccam-1-month-2\\\/#breadcrumb\"},\"inLanguage\":\"cs\",\"potentialAction\":[{\"@type\":\"ReadAction\",\"target\":[\"https:\\\/\\\/kingreshare.co\\\/product\\\/cccam-1-month-2\\\/\"]}]},{\"@type\":\"BreadcrumbList\",\"@id\":\"https:\\\/\\\/kingreshare.co\\\/product\\\/cccam-1-month-2\\\/#breadcrumb\",\"itemListElement\":[{\"@type\":\"ListItem\",\"position\":1,\"name\":\"Home\",\"item\":\"https:\\\/\\\/kingreshare.co\\\/\"},{\"@type\":\"ListItem\",\"position\":2,\"name\":\"Shop\",\"item\":\"https:\\\/\\\/kingreshare.co\\\/shop\\\/\"},{\"@type\":\"ListItem\",\"position\":3,\"name\":\"CCcam 1 Month\"}]},{\"@type\":\"WebSite\",\"@id\":\"https:\\\/\\\/kingreshare.co\\\/#website\",\"url\":\"https:\\\/\\\/kingreshare.co\\\/\",\"name\":\"kingreshare.co\",\"description\":\"\",\"potentialAction\":[{\"@type\":\"SearchAction\",\"target\":{\"@type\":\"EntryPoint\",\"urlTemplate\":\"https:\\\/\\\/kingreshare.co\\\/?s={search_term_string}\"},\"query-input\":{\"@type\":\"PropertyValueSpecification\",\"valueRequired\":true,\"valueName\":\"search_term_string\"}}],\"inLanguage\":\"cs\"}]}<\/script>\n<!-- \/ Yoast SEO Premium plugin. -->","yoast_head_json":{"title":"CCcam 1 Month - kingreshare.co","robots":{"index":"index","follow":"follow","max-snippet":"max-snippet:-1","max-image-preview":"max-image-preview:large","max-video-preview":"max-video-preview:-1"},"canonical":"https:\/\/kingreshare.co\/cs\/product\/cccam-1-month-2\/","og_locale":"cs_CZ","og_type":"article","og_title":"CCcam 1 Month","og_description":"Premium CCcam 1 Month package. Customer account required before purchase.","og_url":"https:\/\/kingreshare.co\/cs\/product\/cccam-1-month-2\/","og_site_name":"kingreshare.co","article_modified_time":"2026-05-07T22:36:49+00:00","twitter_card":"summary_large_image","twitter_misc":{"Odhadovan\u00e1 doba \u010dten\u00ed":"1 minuta"},"schema":{"@context":"https:\/\/schema.org","@graph":[{"@type":"WebPage","@id":"https:\/\/kingreshare.co\/product\/cccam-1-month-2\/","url":"https:\/\/kingreshare.co\/product\/cccam-1-month-2\/","name":"CCcam 1 Month - kingreshare.co","isPartOf":{"@id":"https:\/\/kingreshare.co\/#website"},"datePublished":"2026-05-07T17:01:46+00:00","dateModified":"2026-05-07T22:36:49+00:00","breadcrumb":{"@id":"https:\/\/kingreshare.co\/product\/cccam-1-month-2\/#breadcrumb"},"inLanguage":"cs","potentialAction":[{"@type":"ReadAction","target":["https:\/\/kingreshare.co\/product\/cccam-1-month-2\/"]}]},{"@type":"BreadcrumbList","@id":"https:\/\/kingreshare.co\/product\/cccam-1-month-2\/#breadcrumb","itemListElement":[{"@type":"ListItem","position":1,"name":"Home","item":"https:\/\/kingreshare.co\/"},{"@type":"ListItem","position":2,"name":"Shop","item":"https:\/\/kingreshare.co\/shop\/"},{"@type":"ListItem","position":3,"name":"CCcam 1 Month"}]},{"@type":"WebSite","@id":"https:\/\/kingreshare.co\/#website","url":"https:\/\/kingreshare.co\/","name":"kingreshare.co","description":"","potentialAction":[{"@type":"SearchAction","target":{"@type":"EntryPoint","urlTemplate":"https:\/\/kingreshare.co\/?s={search_term_string}"},"query-input":{"@type":"PropertyValueSpecification","valueRequired":true,"valueName":"search_term_string"}}],"inLanguage":"cs"}]}},"_links":{"self":[{"href":"https:\/\/kingreshare.co\/cs\/wp-json\/wp\/v2\/product\/179","targetHints":{"allow":["GET"]}}],"collection":[{"href":"https:\/\/kingreshare.co\/cs\/wp-json\/wp\/v2\/product"}],"about":[{"href":"https:\/\/kingreshare.co\/cs\/wp-json\/wp\/v2\/types\/product"}],"replies":[{"embeddable":true,"href":"https:\/\/kingreshare.co\/cs\/wp-json\/wp\/v2\/comments?post=179"}],"wp:attachment":[{"href":"https:\/\/kingreshare.co\/cs\/wp-json\/wp\/v2\/media?parent=179"}],"wp:term":[{"taxonomy":"product_brand","embeddable":true,"href":"https:\/\/kingreshare.co\/cs\/wp-json\/wp\/v2\/product_brand?post=179"},{"taxonomy":"product_cat","embeddable":true,"href":"https:\/\/kingreshare.co\/cs\/wp-json\/wp\/v2\/product_cat?post=179"},{"taxonomy":"product_tag","embeddable":true,"href":"https:\/\/kingreshare.co\/cs\/wp-json\/wp\/v2\/product_tag?post=179"}],"curies":[{"name":"wp","href":"https:\/\/api.w.org\/{rel}","templated":true}]}}